{"id":16,"date":"2018-04-08T15:19:03","date_gmt":"2018-04-08T15:19:03","guid":{"rendered":"http:\/\/fvhl.de\/?page_id=16"},"modified":"2025-09-02T17:04:54","modified_gmt":"2025-09-02T16:04:54","slug":"projekte","status":"publish","type":"page","link":"https:\/\/fvhl.de\/?page_id=16","title":{"rendered":"Projekte"},"content":{"rendered":"<p>Wir unterst\u00fctzen Projekte mit Handball-bezug ideell, finanziell und organisatorisch. Sprechen Sie mit uns.<\/p>\n<p>Beispiele f\u00fcr bereits von uns unterst\u00fctzte Projekte:<\/p>\n<p>&#8211; Unterst\u00fctzung Schiedsrichterausbildung; Fahrtkostenzuschuss Schiedsrichter<br \/>\n&#8211; Trainerfortbildung: Wochenendseminare, insbesondere Kinder-\/Jugendtraining<br \/>\n&#8211; Teilnahme Kinder\/Jugendliche\/Aktive beim Spargellauf und RunDenDamm<br \/>\n&#8211; Weihnachtsgeschenke Kinder\/Jugendliche<br \/>\n&#8211; Kerweaktion der Handballer<br \/>\n&#8211; Anlage und Pflege des Rasenplatzes neben der Turnhalle<br \/>\n&#8211; Trikots Bambinis\/Minis<br \/>\n&#8211; \u00e4rztliche Bescheinigungen f\u00fcr Doppelspielberechtigungen<br \/>\n&#8211; Jugendcamps in den Ferien; Fahrt nach Ostenende<br \/>\n&#8211; Music-Box M\u00e4nnermannschaft<br \/>\n&#8211; diverse Feste: Oktoberfest, Grillabend, Apres-Ski-Party<br \/>\n&#8211; Trainingsmaterial Jugend<br \/>\n&#8211; Finanzierung Ergebnis-App \/ Trainings-App<br \/>\n&#8211; Verzehrbonus Zeitnehmer\/-innen<\/p>\n","protected":false},"excerpt":{"rendered":"<p>Wir unterst\u00fctzen Projekte mit Handball-bezug ideell, finanziell und organisatorisch. Sprechen Sie mit uns. Beispiele f\u00fcr bereits von uns unterst\u00fctzte Projekte: &#8211; Unterst\u00fctzung Schiedsrichterausbildung; Fahrtkostenzuschuss Schiedsrichter &#8211; Trainerfortbildung: Wochenendseminare, insbesondere Kinder-\/Jugendtraining &#8211; Teilnahme Kinder\/Jugendliche\/Aktive beim Spargellauf und RunDenDamm &#8211; Weihnachtsgeschenke Kinder\/Jugendliche &#8211; Kerweaktion der Handballer &#8211; Anlage und Pflege des Rasenplatzes neben der Turnhalle &#8211; Trikots &hellip; <\/p>\n<p class=\"link-more\"><a href=\"https:\/\/fvhl.de\/?page_id=16\" class=\"more-link\"><span class=\"screen-reader-text\">\u201eProjekte\u201c <\/span>weiterlesen<\/a><\/p>\n","protected":false},"author":1,"featured_media":0,"parent":31,"menu_order":1,"comment_status":"closed","ping_status":"closed","template":"","meta":{"footnotes":""},"class_list":["post-16","page","type-page","status-publish","hentry","entry"],"_links":{"self":[{"href":"https:\/\/fvhl.de\/index.php?rest_route=\/wp\/v2\/pages\/16","targetHints":{"allow":["GET"]}}],"collection":[{"href":"https:\/\/fvhl.de\/index.php?rest_route=\/wp\/v2\/pages"}],"about":[{"href":"https:\/\/fvhl.de\/index.php?rest_route=\/wp\/v2\/types\/page"}],"author":[{"embeddable":true,"href":"https:\/\/fvhl.de\/index.php?rest_route=\/wp\/v2\/users\/1"}],"replies":[{"embeddable":true,"href":"https:\/\/fvhl.de\/index.php?rest_route=%2Fwp%2Fv2%2Fcomments&post=16"}],"version-history":[{"count":9,"href":"https:\/\/fvhl.de\/index.php?rest_route=\/wp\/v2\/pages\/16\/revisions"}],"predecessor-version":[{"id":146,"href":"https:\/\/fvhl.de\/index.php?rest_route=\/wp\/v2\/pages\/16\/revisions\/146"}],"up":[{"embeddable":true,"href":"https:\/\/fvhl.de\/index.php?rest_route=\/wp\/v2\/pages\/31"}],"wp:attachment":[{"href":"https:\/\/fvhl.de\/index.php?rest_route=%2Fwp%2Fv2%2Fmedia&parent=16"}],"curies":[{"name":"wp","href":"https:\/\/api.w.org\/{rel}","templated":true}]}}