{"id":20,"date":"2018-04-08T15:24:31","date_gmt":"2018-04-08T15:24:31","guid":{"rendered":"http:\/\/fvhl.de\/?page_id=20"},"modified":"2018-04-15T11:50:32","modified_gmt":"2018-04-15T10:50:32","slug":"kontakt","status":"publish","type":"page","link":"https:\/\/fvhl.de\/?page_id=20","title":{"rendered":"Kontakt"},"content":{"rendered":"<p>Haben Sie Anmerkungen, Kommentare oder Ideen f\u00fcr ein f\u00f6rderungsw\u00fcrdiges Projekt? Lassen Sie es uns wissen, am einfachsten per E-Mail:<\/p>\n<p><a href=\"mailto:vorsitzender@fvhl.de\">Vorsitzender: Michael Biedermann<\/a><\/p>\n<p><a href=\"mailto:stellvertreter@fvhl.de\">Stellvertretender Vorsitzender: Andreas Gr\u00f6\u00dfler<\/a><\/p>\n<p><a href=\"mailto:schriftfuehrer@fvhl.de\">Schriftf\u00fchrer\/Schatzmeister: Sebastian Strubel<\/a><\/p>\n<p>Telefonisch erreichen Sie Michael Biedermann unter 06206-950413<\/p>\n<p>Anmerkungen zur Webseite bitte an <a href=\"mailto:webmaster@fvhl.de\">webmaster@fvhl.de<\/a><\/p>\n","protected":false},"excerpt":{"rendered":"<p>Haben Sie Anmerkungen, Kommentare oder Ideen f\u00fcr ein f\u00f6rderungsw\u00fcrdiges Projekt? Lassen Sie es uns wissen, am einfachsten per E-Mail: Vorsitzender: Michael Biedermann Stellvertretender Vorsitzender: Andreas Gr\u00f6\u00dfler Schriftf\u00fchrer\/Schatzmeister: Sebastian Strubel Telefonisch erreichen Sie Michael Biedermann unter 06206-950413 Anmerkungen zur Webseite bitte an webmaster@fvhl.de<\/p>\n","protected":false},"author":1,"featured_media":0,"parent":31,"menu_order":1,"comment_status":"closed","ping_status":"closed","template":"","meta":{"footnotes":""},"class_list":["post-20","page","type-page","status-publish","hentry","entry"],"_links":{"self":[{"href":"https:\/\/fvhl.de\/index.php?rest_route=\/wp\/v2\/pages\/20","targetHints":{"allow":["GET"]}}],"collection":[{"href":"https:\/\/fvhl.de\/index.php?rest_route=\/wp\/v2\/pages"}],"about":[{"href":"https:\/\/fvhl.de\/index.php?rest_route=\/wp\/v2\/types\/page"}],"author":[{"embeddable":true,"href":"https:\/\/fvhl.de\/index.php?rest_route=\/wp\/v2\/users\/1"}],"replies":[{"embeddable":true,"href":"https:\/\/fvhl.de\/index.php?rest_route=%2Fwp%2Fv2%2Fcomments&post=20"}],"version-history":[{"count":4,"href":"https:\/\/fvhl.de\/index.php?rest_route=\/wp\/v2\/pages\/20\/revisions"}],"predecessor-version":[{"id":73,"href":"https:\/\/fvhl.de\/index.php?rest_route=\/wp\/v2\/pages\/20\/revisions\/73"}],"up":[{"embeddable":true,"href":"https:\/\/fvhl.de\/index.php?rest_route=\/wp\/v2\/pages\/31"}],"wp:attachment":[{"href":"https:\/\/fvhl.de\/index.php?rest_route=%2Fwp%2Fv2%2Fmedia&parent=20"}],"curies":[{"name":"wp","href":"https:\/\/api.w.org\/{rel}","templated":true}]}}