{"id":31,"date":"2018-04-08T17:00:14","date_gmt":"2018-04-08T16:00:14","guid":{"rendered":"http:\/\/fvhl.de\/?page_id=31"},"modified":"2023-02-24T14:57:07","modified_gmt":"2023-02-24T13:57:07","slug":"startseite","status":"publish","type":"page","link":"https:\/\/fvhl.de\/","title":{"rendered":"F\u00f6rderverein Handball Lampertheim"},"content":{"rendered":"<p>Herzlich Willkommen auf der Webseite des F\u00f6rdervereins Handball Lampertheim e.V.<\/p>\n<p>Unser Verein hat sich zur Aufgabe gestellt, nach den Grunds\u00e4tzen der Freiwilligkeit und unter Ausschluss von parteipolitischen, konfessionellen, beruflichen und rassistischen Gesichtspunkten <strong>den Handballsport<\/strong> in der Handballabteilung des TV 1883 Lampertheim e.V. <strong>zu f\u00f6rdern<\/strong>.<\/p>\n<p>Der Verein soll in erster Linie dazu beitragen, die <strong>Jugendarbeit<\/strong> mitzugestalten und zu f\u00f6rdern. Besondere Aufmerksamkeit soll dabei auf die <strong>Weiterentwicklung der sportlichen F\u00e4higkeiten und Fertigkeiten<\/strong> gelegt werden.<\/p>\n<p>Dar\u00fcber hinaus soll der <strong>Leistungssport<\/strong> innerhalb der Abteilung, insbesondere der aktiven Mannschaften, unterst\u00fctzt werden.<\/p>\n<p>Als F\u00f6rderung kommen Unterst\u00fctzungsleistungen ideeller, organisatorischer oder finanzieller Art in Betracht. Bitte nutzen Sie f\u00fcr einen <a href=\"http:\/\/fvhl.de\/wp-content\/uploads\/2023\/02\/Antrag-auf-Foerdermittel.pdf\">Antrag auf F\u00f6rdermittel <\/a>unser Formular und lassen uns dies <a href=\"https:\/\/fvhl.de\/?page_id=20\">per Email oder pers\u00f6nlich<\/a> zukommen.<\/p>\n","protected":false},"excerpt":{"rendered":"<p>Herzlich Willkommen auf der Webseite des F\u00f6rdervereins Handball Lampertheim e.V. Unser Verein hat sich zur Aufgabe gestellt, nach den Grunds\u00e4tzen der Freiwilligkeit und unter Ausschluss von parteipolitischen, konfessionellen, beruflichen und rassistischen Gesichtspunkten den Handballsport in der Handballabteilung des TV 1883 Lampertheim e.V. zu f\u00f6rdern. Der Verein soll in erster Linie dazu beitragen, die Jugendarbeit mitzugestalten &hellip; <\/p>\n<p class=\"link-more\"><a href=\"https:\/\/fvhl.de\/\" class=\"more-link\"><span class=\"screen-reader-text\">\u201eF\u00f6rderverein Handball Lampertheim\u201c <\/span>weiterlesen<\/a><\/p>\n","protected":false},"author":1,"featured_media":110,"parent":0,"menu_order":0,"comment_status":"closed","ping_status":"closed","template":"","meta":{"footnotes":""},"class_list":["post-31","page","type-page","status-publish","has-post-thumbnail","hentry","entry"],"_links":{"self":[{"href":"https:\/\/fvhl.de\/index.php?rest_route=\/wp\/v2\/pages\/31","targetHints":{"allow":["GET"]}}],"collection":[{"href":"https:\/\/fvhl.de\/index.php?rest_route=\/wp\/v2\/pages"}],"about":[{"href":"https:\/\/fvhl.de\/index.php?rest_route=\/wp\/v2\/types\/page"}],"author":[{"embeddable":true,"href":"https:\/\/fvhl.de\/index.php?rest_route=\/wp\/v2\/users\/1"}],"replies":[{"embeddable":true,"href":"https:\/\/fvhl.de\/index.php?rest_route=%2Fwp%2Fv2%2Fcomments&post=31"}],"version-history":[{"count":10,"href":"https:\/\/fvhl.de\/index.php?rest_route=\/wp\/v2\/pages\/31\/revisions"}],"predecessor-version":[{"id":139,"href":"https:\/\/fvhl.de\/index.php?rest_route=\/wp\/v2\/pages\/31\/revisions\/139"}],"wp:featuredmedia":[{"embeddable":true,"href":"https:\/\/fvhl.de\/index.php?rest_route=\/wp\/v2\/media\/110"}],"wp:attachment":[{"href":"https:\/\/fvhl.de\/index.php?rest_route=%2Fwp%2Fv2%2Fmedia&parent=31"}],"curies":[{"name":"wp","href":"https:\/\/api.w.org\/{rel}","templated":true}]}}